{"id":2945,"date":"2026-02-11T02:08:06","date_gmt":"2026-02-11T02:08:06","guid":{"rendered":"https:\/\/ponysportverein-roebel-mueritz.de\/?page_id=2945"},"modified":"2026-03-28T00:51:00","modified_gmt":"2026-03-28T00:51:00","slug":"speckreiten","status":"publish","type":"page","link":"https:\/\/ponysportverein-roebel-mueritz.de\/?page_id=2945","title":{"rendered":"Speckreiten"},"content":{"rendered":"\t\t<div data-elementor-type=\"wp-page\" data-elementor-id=\"2945\" class=\"elementor elementor-2945\">\n\t\t\t\t\t\t<section class=\"elementor-section elementor-top-section elementor-element elementor-element-04a210d elementor-section-boxed elementor-section-height-default elementor-section-height-default wpr-particle-no wpr-jarallax-no wpr-parallax-no wpr-sticky-section-no\" data-id=\"04a210d\" data-element_type=\"section\" data-e-type=\"section\">\n\t\t\t\t\t\t<div class=\"elementor-container elementor-column-gap-default\">\n\t\t\t\t\t<div class=\"elementor-column elementor-col-100 elementor-top-column elementor-element elementor-element-13d7336\" data-id=\"13d7336\" data-element_type=\"column\" data-e-type=\"column\">\n\t\t\t<div class=\"elementor-widget-wrap elementor-element-populated\">\n\t\t\t\t\t\t<div class=\"elementor-element elementor-element-b2f14ef elementor-widget elementor-widget-text-editor\" data-id=\"b2f14ef\" data-element_type=\"widget\" data-e-type=\"widget\" data-widget_type=\"text-editor.default\">\n\t\t\t\t<div class=\"elementor-widget-container\">\n\t\t\t\t\t\t\t\t\t<p>Tradition seit dem 18. Jahrhundert<\/p>\t\t\t\t\t\t\t\t<\/div>\n\t\t\t\t<\/div>\n\t\t\t\t\t<\/div>\n\t\t<\/div>\n\t\t\t\t\t<\/div>\n\t\t<\/section>\n\t\t\t\t<section class=\"elementor-section elementor-top-section elementor-element elementor-element-96ee559 elementor-section-boxed elementor-section-height-default elementor-section-height-default wpr-particle-no wpr-jarallax-no wpr-parallax-no wpr-sticky-section-no\" data-id=\"96ee559\" data-element_type=\"section\" data-e-type=\"section\">\n\t\t\t\t\t\t<div class=\"elementor-container elementor-column-gap-default\">\n\t\t\t\t\t<div class=\"elementor-column elementor-col-100 elementor-top-column elementor-element elementor-element-71e3c76\" data-id=\"71e3c76\" data-element_type=\"column\" data-e-type=\"column\">\n\t\t\t<div class=\"elementor-widget-wrap elementor-element-populated\">\n\t\t\t\t\t\t<div class=\"elementor-element elementor-element-358c9de elementor-widget elementor-widget-text-editor\" data-id=\"358c9de\" data-element_type=\"widget\" data-e-type=\"widget\" data-widget_type=\"text-editor.default\">\n\t\t\t\t<div class=\"elementor-widget-container\">\n\t\t\t\t\t\t\t\t\t<p>Das Reit- und Fahrturnier \u201eSpeckreiten\u201c ist in jedem Jahr am Pfingstmontag einer der H\u00f6hepunkte im Veranstaltungskalender der Stadt R\u00f6bel\/M\u00fcritz.<span class=\"Apple-converted-space\">&nbsp;<\/span><\/p>\n<p>Dieses Jahr begeht es seine 30. Auflage, zumindest in der Zeitrechnung nach der \u201eWiedergeburt\u201c, denn bereits Ende des 18. Jahrhunderts fand das erste &#8222;Speckreiten&#8220;, ein Pferderennen \u00fcber eine Strecke von 1500 m, statt. Das Turnier wurde schon immer am Pfingstmontag ausgetragen und der Sieger erhielt eine Speckseite, die zu damaliger Zeit einen hohen Wert hatte. &nbsp; &nbsp;&nbsp;<span style=\"letter-spacing: 0px;\">Traditionen, an denen bis zum heutigen Tag festgehalten wird.<\/span><span style=\"letter-spacing: 0px;\">&nbsp;<\/span><\/p>\n<p>Anfang des 19. Jahrhunderts, zur Franzosenzeit, wurde das \u201eSpeckreiten\u201c verboten und erst 1887 sollte die Tradition wieder aufleben. Ab 1934 gab es kein \u201eSpeckreiten\u201c mehr. Erst mit der Gr\u00fcndung eines neuen Reitervereins in R\u00f6bel wurde 1952 das Pferderennen wieder ausgetragen, bevor dann 1958 erneut Schluss war. Der Ponysportverein R\u00f6bel\/M\u00fcritz, 1971 unter dem Namen \u201ePonyfreunde\u201c gegr\u00fcndet, fasste zum 1000-j\u00e4hrigen Bestehen von Mecklenburg den Entschluss, diese gro\u00dfartige Reitveranstaltung wieder zu beleben, und dies mit Erfolg.<\/p>\n<p>Das \u201eSpeckreiten\u201c bietet heute spannende und abwechslungsreiche Reiterwettk\u00e4mpfe wie Tonnenreiten, Flachrennen, Jump &amp; Drive (Springreiten und Fahren), Knock-Out-Springen (M\u00e4chtigkeitsspringen) und Hindernisfahren f\u00fcr Zweisp\u00e4nner. Den Auftakt dieses traditionellen Turniers bildet immer das Sulky-Hindernisfahren der Kinder mit ihren Shetland-Ponys. Der H\u00f6hepunkt des Nachmittags ist dann das traditionelle Pferderennen \u201eSpeckreiten\u201c. Dem Sieger dieses Flachrennens \u00fcber eine Distanz von 1500 m winkt als Belohnung neben einem Geldpreis auch eine Seite Speck, so wie es die Tradition vorsieht.<\/p>\t\t\t\t\t\t\t\t<\/div>\n\t\t\t\t<\/div>\n\t\t\t\t\t<\/div>\n\t\t<\/div>\n\t\t\t\t\t<\/div>\n\t\t<\/section>\n\t\t\t\t<section class=\"elementor-section elementor-top-section elementor-element elementor-element-01fd8a6 elementor-section-boxed elementor-section-height-default elementor-section-height-default wpr-particle-no wpr-jarallax-no wpr-parallax-no wpr-sticky-section-no\" data-id=\"01fd8a6\" data-element_type=\"section\" data-e-type=\"section\">\n\t\t\t\t\t\t<div class=\"elementor-container elementor-column-gap-default\">\n\t\t\t\t\t<div class=\"elementor-column elementor-col-100 elementor-top-column elementor-element elementor-element-d3f5fab\" data-id=\"d3f5fab\" data-element_type=\"column\" data-e-type=\"column\">\n\t\t\t<div class=\"elementor-widget-wrap elementor-element-populated\">\n\t\t\t\t\t\t<div class=\"elementor-element elementor-element-fd4a6ec elementor-widget elementor-widget-image\" data-id=\"fd4a6ec\" data-element_type=\"widget\" data-e-type=\"widget\" data-widget_type=\"image.default\">\n\t\t\t\t<div class=\"elementor-widget-container\">\n\t\t\t\t\t\t\t\t\t\t\t\t\t\t\t<img fetchpriority=\"high\" decoding=\"async\" width=\"915\" height=\"1024\" src=\"https:\/\/ponysportverein-roebel-mueritz.de\/wp-content\/uploads\/2026\/03\/1995_05_27._1.-Speckreiten-Seite-2-e1774658891241-915x1024.jpg\" class=\"attachment-large size-large wp-image-3003\" alt=\"\" srcset=\"https:\/\/ponysportverein-roebel-mueritz.de\/wp-content\/uploads\/2026\/03\/1995_05_27._1.-Speckreiten-Seite-2-e1774658891241-915x1024.jpg 915w, https:\/\/ponysportverein-roebel-mueritz.de\/wp-content\/uploads\/2026\/03\/1995_05_27._1.-Speckreiten-Seite-2-e1774658891241-268x300.jpg 268w, https:\/\/ponysportverein-roebel-mueritz.de\/wp-content\/uploads\/2026\/03\/1995_05_27._1.-Speckreiten-Seite-2-e1774658891241-768x859.jpg 768w, https:\/\/ponysportverein-roebel-mueritz.de\/wp-content\/uploads\/2026\/03\/1995_05_27._1.-Speckreiten-Seite-2-e1774658891241-980x1096.jpg 980w, https:\/\/ponysportverein-roebel-mueritz.de\/wp-content\/uploads\/2026\/03\/1995_05_27._1.-Speckreiten-Seite-2-e1774658891241.jpg 1128w\" sizes=\"(max-width: 915px) 100vw, 915px\" \/>\t\t\t\t\t\t\t\t\t\t\t\t\t\t\t<\/div>\n\t\t\t\t<\/div>\n\t\t\t\t<div class=\"elementor-element elementor-element-2df2fe6 elementor-widget elementor-widget-text-editor\" data-id=\"2df2fe6\" data-element_type=\"widget\" data-e-type=\"widget\" data-widget_type=\"text-editor.default\">\n\t\t\t\t<div class=\"elementor-widget-container\">\n\t\t\t\t\t\t\t\t\t<p>1995 &#8211; 1. Speckreiten nach dem Neustart &#8211; Die Siegerin des Hauptrennens: Alexandra von Heydebreck<\/p>\t\t\t\t\t\t\t\t<\/div>\n\t\t\t\t<\/div>\n\t\t\t\t\t<\/div>\n\t\t<\/div>\n\t\t\t\t\t<\/div>\n\t\t<\/section>\n\t\t\t\t<\/div>\n\t\t","protected":false},"excerpt":{"rendered":"<p>Tradition seit dem 18. Jahrhundert Das Reit- und Fahrturnier \u201eSpeckreiten\u201c ist in jedem Jahr am Pfingstmontag einer der H\u00f6hepunkte im Veranstaltungskalender der Stadt R\u00f6bel\/M\u00fcritz.&nbsp; Dieses Jahr begeht es seine 30. Auflage, zumindest in der Zeitrechnung nach der \u201eWiedergeburt\u201c, denn bereits Ende des 18. Jahrhunderts fand das erste &#8222;Speckreiten&#8220;, ein Pferderennen \u00fcber eine Strecke von 1500 m, statt. Das Turnier wurde schon immer am Pfingstmontag ausgetragen und der Sieger erhielt eine Speckseite, die zu damaliger Zeit einen hohen Wert hatte. &nbsp; &nbsp;&nbsp;Traditionen, an denen bis zum heutigen Tag festgehalten wird.&nbsp; Anfang des 19. Jahrhunderts, zur Franzosenzeit, wurde das \u201eSpeckreiten\u201c verboten und erst 1887 sollte die Tradition wieder aufleben. Ab 1934 gab es kein \u201eSpeckreiten\u201c mehr. Erst mit der Gr\u00fcndung eines neuen Reitervereins in R\u00f6bel wurde 1952 das Pferderennen wieder ausgetragen, bevor dann 1958 erneut Schluss war. Der Ponysportverein R\u00f6bel\/M\u00fcritz, 1971 unter dem Namen \u201ePonyfreunde\u201c gegr\u00fcndet, fasste zum 1000-j\u00e4hrigen Bestehen von Mecklenburg den Entschluss, diese gro\u00dfartige Reitveranstaltung wieder zu beleben, und dies mit Erfolg. Das \u201eSpeckreiten\u201c bietet heute spannende und abwechslungsreiche Reiterwettk\u00e4mpfe wie Tonnenreiten, Flachrennen, Jump &amp; Drive (Springreiten und Fahren), Knock-Out-Springen (M\u00e4chtigkeitsspringen) und Hindernisfahren f\u00fcr Zweisp\u00e4nner. Den Auftakt dieses traditionellen Turniers bildet immer das Sulky-Hindernisfahren der Kinder mit ihren Shetland-Ponys. Der H\u00f6hepunkt des Nachmittags ist dann das traditionelle Pferderennen \u201eSpeckreiten\u201c. Dem Sieger dieses Flachrennens \u00fcber eine Distanz von 1500 m winkt als Belohnung neben einem Geldpreis auch eine Seite Speck, so wie es die Tradition vorsieht. 1995 &#8211; 1. Speckreiten nach dem Neustart &#8211; Die Siegerin des Hauptrennens: Alexandra von Heydebreck<\/p>\n","protected":false},"author":1,"featured_media":0,"parent":0,"menu_order":0,"comment_status":"closed","ping_status":"closed","template":"","meta":{"footnotes":""},"class_list":["post-2945","page","type-page","status-publish","hentry"],"acf":[],"_links":{"self":[{"href":"https:\/\/ponysportverein-roebel-mueritz.de\/index.php?rest_route=\/wp\/v2\/pages\/2945","targetHints":{"allow":["GET"]}}],"collection":[{"href":"https:\/\/ponysportverein-roebel-mueritz.de\/index.php?rest_route=\/wp\/v2\/pages"}],"about":[{"href":"https:\/\/ponysportverein-roebel-mueritz.de\/index.php?rest_route=\/wp\/v2\/types\/page"}],"author":[{"embeddable":true,"href":"https:\/\/ponysportverein-roebel-mueritz.de\/index.php?rest_route=\/wp\/v2\/users\/1"}],"replies":[{"embeddable":true,"href":"https:\/\/ponysportverein-roebel-mueritz.de\/index.php?rest_route=%2Fwp%2Fv2%2Fcomments&post=2945"}],"version-history":[{"count":20,"href":"https:\/\/ponysportverein-roebel-mueritz.de\/index.php?rest_route=\/wp\/v2\/pages\/2945\/revisions"}],"predecessor-version":[{"id":3012,"href":"https:\/\/ponysportverein-roebel-mueritz.de\/index.php?rest_route=\/wp\/v2\/pages\/2945\/revisions\/3012"}],"wp:attachment":[{"href":"https:\/\/ponysportverein-roebel-mueritz.de\/index.php?rest_route=%2Fwp%2Fv2%2Fmedia&parent=2945"}],"curies":[{"name":"wp","href":"https:\/\/api.w.org\/{rel}","templated":true}]}}