{"id":50,"date":"2020-05-24T19:25:59","date_gmt":"2020-05-24T19:25:59","guid":{"rendered":"http:\/\/ponysportverein-roebel-mueritz.de\/?page_id=50"},"modified":"2024-03-15T17:41:11","modified_gmt":"2024-03-15T17:41:11","slug":"geschichte","status":"publish","type":"page","link":"https:\/\/ponysportverein-roebel-mueritz.de\/?page_id=50","title":{"rendered":"Geschichte"},"content":{"rendered":"\t\t<div data-elementor-type=\"wp-page\" data-elementor-id=\"50\" class=\"elementor elementor-50\">\n\t\t\t\t\t\t<section class=\"elementor-section elementor-top-section elementor-element elementor-element-2595f99 elementor-section-boxed elementor-section-height-default elementor-section-height-default wpr-particle-no wpr-jarallax-no wpr-parallax-no wpr-sticky-section-no\" data-id=\"2595f99\" data-element_type=\"section\" data-e-type=\"section\">\n\t\t\t\t\t\t<div class=\"elementor-container elementor-column-gap-default\">\n\t\t\t\t\t<div class=\"elementor-column elementor-col-100 elementor-top-column elementor-element elementor-element-18d3067\" data-id=\"18d3067\" data-element_type=\"column\" data-e-type=\"column\">\n\t\t\t<div class=\"elementor-widget-wrap elementor-element-populated\">\n\t\t\t\t\t\t<div class=\"elementor-element elementor-element-4ab1d1c elementor-widget elementor-widget-heading\" data-id=\"4ab1d1c\" data-element_type=\"widget\" data-e-type=\"widget\" data-widget_type=\"heading.default\">\n\t\t\t\t<div class=\"elementor-widget-container\">\n\t\t\t\t\t<h2 class=\"elementor-heading-title elementor-size-default\">Vereinsgeschichte<\/h2>\t\t\t\t<\/div>\n\t\t\t\t<\/div>\n\t\t\t\t\t<\/div>\n\t\t<\/div>\n\t\t\t\t\t<\/div>\n\t\t<\/section>\n\t\t\t\t<section class=\"elementor-section elementor-top-section elementor-element elementor-element-b1e654d elementor-section-boxed elementor-section-height-default elementor-section-height-default wpr-particle-no wpr-jarallax-no wpr-parallax-no wpr-sticky-section-no\" data-id=\"b1e654d\" data-element_type=\"section\" data-e-type=\"section\">\n\t\t\t\t\t\t<div class=\"elementor-container elementor-column-gap-default\">\n\t\t\t\t\t<div class=\"elementor-column elementor-col-100 elementor-top-column elementor-element elementor-element-be38b5b\" data-id=\"be38b5b\" data-element_type=\"column\" data-e-type=\"column\">\n\t\t\t<div class=\"elementor-widget-wrap elementor-element-populated\">\n\t\t\t\t\t\t<div class=\"elementor-element elementor-element-c9498dd elementor-widget elementor-widget-text-editor\" data-id=\"c9498dd\" data-element_type=\"widget\" data-e-type=\"widget\" data-widget_type=\"text-editor.default\">\n\t\t\t\t<div class=\"elementor-widget-container\">\n\t\t\t\t\t\t\t\t\t<p>Am 15. April 1971 gr\u00fcndeten Wilhelm Jarchow, Peter Jahns, Hans Dommert und Peter Sch\u00f6ttler die Betriebssportgemeinschaft \u201ePonysport\u201c in R\u00f6bel. Die Gr\u00fcndung des Vereins verfolgte in erster Linie den Zweck, Weidefl\u00e4chen und Kraftfutter f\u00fcr die Pferde zu bekommen. Zum damaligen Zeitpunkt wurden alle nutzbaren Fl\u00e4chen zum Weiden von der LPG genutzt und Korn wurde nicht frei verkauft. Nach der Vereinsgr\u00fcndung bekamen die Gr\u00fcnder Wiesenfl\u00e4chen zugeteilt und erhielten Freigaben f\u00fcr Kraftfutter. Als Gegenleistung verpflichtete sich der Verein, gesellschaftlich aktiv zu werden und so fuhren Vereinsmitglieder fortan am 1. Mai und am 7. Oktober, nach den Feierlichkeiten auf dem Marktplatz, Kinder mit der Kutsche durch das Stadtgebiet.<span class=\"Apple-converted-space\">\u00a0<\/span><\/p><p>In den darauf folgenden Jahren konnte der Verein weitere Pferdefreunde gewinnen. Ein paar Mal im Jahr f\u00fchrte man gemeinsame Ausritte und Ausfahrten durch und nahm an Reit- und Fahrwettk\u00e4mpfen in der Umgebung teil. 1977 fand in der Gastst\u00e4tte \u201eM\u00fcritzterrasse\u201c der 1. Ponyball statt und der Verein gab sich einen neuen Namen: \u201ePonyfreunde R\u00f6bel\u201c. 1981 baute Horst Vendt, mittlerweile \u00e4ltestes Vereinsmitglied, die ersten vier Sulkys, welche im August desselben Jahres erstmalig von Hans Dommert, Peter Jahns und Peter Sch\u00f6ttler beim 1. Ponyrennen in Schwenzin gefahren wurden und heute noch, Generationen sp\u00e4ter, von unseren J\u00fcngsten im Verein gefahren werden!<\/p><p>Bereits zehn Jahre nach der Gr\u00fcndung, waren die \u201ePonyfreunde\u201c nicht mehr aus dem Stadtbild R\u00f6bels wegzudenken. Zum 1. Mai, Kindertag, Seefest, 7. Oktober, Weihnachtsmarkt und zu Festumz\u00fcgen, wie die 700-Jahr-Feiern in Wredenhagen 1984 und Zepkow 1985 und 1986 die 725-Jahr-Feier in R\u00f6bel, an der 75 Pferde und Ponys des Vereins teilnahmen, war der Verein mit seinen zwei- und vierbeinigen Mitgliedern pr\u00e4sent.<\/p><p>Besondere H\u00f6hepunkte in den 80er Jahren des vergangenen Jahrhunderts waren 1984 die Vorf\u00fchrung einer Pony-Quadrille, welche Hermann Weidel mit den Kindern des Vereins einstudierte, und das 1. Ponyrennen auf der Trabrennbahn in Berlin-Karlshorst, sowie die Teilnahme an der 750-Jahr-Feier in Berlin. In den folgenden Jahren war der Verein noch h\u00e4ufig aktiver Gast auf der Trabrennbahn.<span class=\"Apple-converted-space\">\u00a0<\/span><\/p><p>1990 wurde dann aus der Betriebssportgemeinschaft \u201ePonyfreunde R\u00f6bel\u201c der Ponysportverein R\u00f6bel e. V.. Am 5. Juni 1995, anl\u00e4sslich des 1000-j\u00e4hrigen Bestehens von Mecklenburg, rief der Verein das Pfingstturnier \u201eSpeckreiten\u201c wieder ins Leben. Es war mit etwa 3500 Zuschauern ein gro\u00dfer Erfolg. Hauptverantwortlich f\u00fcr die Wiederaufnahme dieser traditionsreichen Veranstaltung war Wilhelm Jarchow, welcher 40 Jahre die Geschicke des Vereins so erfolgreich lenkte, und auch heute noch als Ehrenvorsitzender dem Verein jederzeit mit Rat und Tat zur Seite steht.<\/p><p>Seit mittlerweile zehn Jahren f\u00fchrt seine Enkelin Katharina Kroeger die erfolgreiche Vereinsarbeit fort. Dabei wird sie im Vorstand von Britta Christoph, Franziska Jens und Kathrin Sch\u00e4fer unterst\u00fctzt. Ihr ist es zu verdanken, dass der Verein ganzj\u00e4hrig aktiv ist, so ist an jedem Samstag, egal bei welchem Wetter, rege Betriebsamkeit auf dem Reitplatz des Vereins. Mittlerweile z\u00e4hlt der Verein 100 Mitglieder, davon sind \u00fcber 40 Kinder und Jugendliche. Das j\u00fcngste Vereinsmitglied ist ein Jahr, das \u00e4lteste Mitglied 87 Jahre alt.<\/p><p>Im Wandel der Jahrzehnte konzentrierte sich der Verein immer mehr auf die Ausbildung und F\u00f6rderung der Kinder und Jugendlichen in den Sparten Reiten und Fahren &#8211; und das mit gro\u00dfem Erfolg. Neben der sportlichen Komponente steht beim Ponysportverein das Motto \u201eReiten f\u00fcr alle&#8220; an oberster Stelle. Jeder soll die Chance haben, den Umgang mit dem Pferd zu erlernen. Dank der zahlreichen Sponsoren, Unterst\u00fctzer und Freunde konnte der Vereinsbeitrag \u00fcber all die Jahre immer niedrig gehalten werden, so dass es jedem Kind, unabh\u00e4ngig vom Geldbeutel, m\u00f6glich ist, Teil dieser Pferdesportgemeinschaft zu sein.<\/p><p>In all den Jahren und trotz der zunehmenden Gr\u00f6\u00dfe hat der Verein nie seinen famili\u00e4ren Charakter verloren. Ob Gro\u00df oder Klein, Alt oder Jung &#8211; alle sind auf der Reitanlage herzlich willkommen.<\/p>\t\t\t\t\t\t\t\t<\/div>\n\t\t\t\t<\/div>\n\t\t\t\t\t<\/div>\n\t\t<\/div>\n\t\t\t\t\t<\/div>\n\t\t<\/section>\n\t\t\t\t<section class=\"elementor-section elementor-top-section elementor-element elementor-element-0074d61 elementor-section-boxed elementor-section-height-default elementor-section-height-default wpr-particle-no wpr-jarallax-no wpr-parallax-no wpr-sticky-section-no\" data-id=\"0074d61\" data-element_type=\"section\" data-e-type=\"section\">\n\t\t\t\t\t\t<div class=\"elementor-container elementor-column-gap-default\">\n\t\t\t\t\t<div class=\"elementor-column elementor-col-100 elementor-top-column elementor-element elementor-element-94063bc\" data-id=\"94063bc\" data-element_type=\"column\" data-e-type=\"column\">\n\t\t\t<div class=\"elementor-widget-wrap elementor-element-populated\">\n\t\t\t\t\t\t<div class=\"elementor-element elementor-element-62d480e elementor-widget elementor-widget-image\" data-id=\"62d480e\" data-element_type=\"widget\" data-e-type=\"widget\" data-widget_type=\"image.default\">\n\t\t\t\t<div class=\"elementor-widget-container\">\n\t\t\t\t\t\t\t\t\t\t\t\t\t\t\t<img fetchpriority=\"high\" decoding=\"async\" width=\"768\" height=\"583\" src=\"https:\/\/ponysportverein-roebel-mueritz.de\/wp-content\/uploads\/2023\/06\/DOC090623-09062023071103_page-0001-768x583.jpg\" class=\"attachment-medium_large size-medium_large wp-image-1517\" alt=\"\" srcset=\"https:\/\/ponysportverein-roebel-mueritz.de\/wp-content\/uploads\/2023\/06\/DOC090623-09062023071103_page-0001-768x583.jpg 768w, https:\/\/ponysportverein-roebel-mueritz.de\/wp-content\/uploads\/2023\/06\/DOC090623-09062023071103_page-0001-300x228.jpg 300w, https:\/\/ponysportverein-roebel-mueritz.de\/wp-content\/uploads\/2023\/06\/DOC090623-09062023071103_page-0001-1024x777.jpg 1024w, https:\/\/ponysportverein-roebel-mueritz.de\/wp-content\/uploads\/2023\/06\/DOC090623-09062023071103_page-0001-1100x835.jpg 1100w, https:\/\/ponysportverein-roebel-mueritz.de\/wp-content\/uploads\/2023\/06\/DOC090623-09062023071103_page-0001-500x380.jpg 500w, https:\/\/ponysportverein-roebel-mueritz.de\/wp-content\/uploads\/2023\/06\/DOC090623-09062023071103_page-0001.jpg 1379w\" sizes=\"(max-width: 768px) 100vw, 768px\" \/>\t\t\t\t\t\t\t\t\t\t\t\t\t\t\t<\/div>\n\t\t\t\t<\/div>\n\t\t\t\t<div class=\"elementor-element elementor-element-d36226f elementor-widget elementor-widget-text-editor\" data-id=\"d36226f\" data-element_type=\"widget\" data-e-type=\"widget\" data-widget_type=\"text-editor.default\">\n\t\t\t\t<div class=\"elementor-widget-container\">\n\t\t\t\t\t\t\t\t\t<p>Archiv: Gr\u00fcnder Wilhelm Jarchow 1954 in Freyenstein auf Gorgo &#8211; Sieger im Jagdspringen Klasse L\u00a0<\/p>\t\t\t\t\t\t\t\t<\/div>\n\t\t\t\t<\/div>\n\t\t\t\t\t<\/div>\n\t\t<\/div>\n\t\t\t\t\t<\/div>\n\t\t<\/section>\n\t\t\t\t<\/div>\n\t\t","protected":false},"excerpt":{"rendered":"<p>Vereinsgeschichte Am 15. April 1971 gr\u00fcndeten Wilhelm Jarchow, Peter Jahns, Hans Dommert und Peter Sch\u00f6ttler die Betriebssportgemeinschaft \u201ePonysport\u201c in R\u00f6bel. Die Gr\u00fcndung des Vereins verfolgte in erster Linie den Zweck, Weidefl\u00e4chen und Kraftfutter f\u00fcr die Pferde zu bekommen. Zum damaligen Zeitpunkt wurden alle nutzbaren Fl\u00e4chen zum Weiden von der LPG genutzt und Korn wurde nicht frei verkauft. Nach der Vereinsgr\u00fcndung bekamen die Gr\u00fcnder Wiesenfl\u00e4chen zugeteilt und erhielten Freigaben f\u00fcr Kraftfutter. Als Gegenleistung verpflichtete sich der Verein, gesellschaftlich aktiv zu werden und so fuhren Vereinsmitglieder fortan am 1. Mai und am 7. Oktober, nach den Feierlichkeiten auf dem Marktplatz, Kinder mit der Kutsche durch das Stadtgebiet.\u00a0 In den darauf folgenden Jahren konnte der Verein weitere Pferdefreunde gewinnen. Ein paar Mal im Jahr f\u00fchrte man gemeinsame Ausritte und Ausfahrten durch und nahm an Reit- und Fahrwettk\u00e4mpfen in der Umgebung teil. 1977 fand in der Gastst\u00e4tte \u201eM\u00fcritzterrasse\u201c der 1. Ponyball statt und der Verein gab sich einen neuen Namen: \u201ePonyfreunde R\u00f6bel\u201c. 1981 baute Horst Vendt, mittlerweile \u00e4ltestes Vereinsmitglied, die ersten vier Sulkys, welche im August desselben Jahres erstmalig von Hans Dommert, Peter Jahns und Peter Sch\u00f6ttler beim 1. Ponyrennen in Schwenzin gefahren wurden und heute noch, Generationen sp\u00e4ter, von unseren J\u00fcngsten im Verein gefahren werden! Bereits zehn Jahre nach der Gr\u00fcndung, waren die \u201ePonyfreunde\u201c nicht mehr aus dem Stadtbild R\u00f6bels wegzudenken. Zum 1. Mai, Kindertag, Seefest, 7. Oktober, Weihnachtsmarkt und zu Festumz\u00fcgen, wie die 700-Jahr-Feiern in Wredenhagen 1984 und Zepkow 1985 und 1986 die 725-Jahr-Feier in R\u00f6bel, an der 75 Pferde und Ponys des Vereins teilnahmen, war der Verein mit seinen zwei- und vierbeinigen Mitgliedern pr\u00e4sent. Besondere H\u00f6hepunkte in den 80er Jahren des vergangenen Jahrhunderts waren 1984 die Vorf\u00fchrung einer Pony-Quadrille, welche Hermann Weidel mit den Kindern des Vereins einstudierte, und das 1. Ponyrennen auf der Trabrennbahn in Berlin-Karlshorst, sowie die Teilnahme an der 750-Jahr-Feier in Berlin. In den folgenden Jahren war der Verein noch h\u00e4ufig aktiver Gast auf der Trabrennbahn.\u00a0 1990 wurde dann aus der Betriebssportgemeinschaft \u201ePonyfreunde R\u00f6bel\u201c der Ponysportverein R\u00f6bel e. V.. Am 5. Juni 1995, anl\u00e4sslich des 1000-j\u00e4hrigen Bestehens von Mecklenburg, rief der Verein das Pfingstturnier \u201eSpeckreiten\u201c wieder ins Leben. Es war mit etwa 3500 Zuschauern ein gro\u00dfer Erfolg. Hauptverantwortlich f\u00fcr die Wiederaufnahme dieser traditionsreichen Veranstaltung war Wilhelm Jarchow, welcher 40 Jahre die Geschicke des Vereins so erfolgreich lenkte, und auch heute noch als Ehrenvorsitzender dem Verein jederzeit mit Rat und Tat zur Seite steht. Seit mittlerweile zehn Jahren f\u00fchrt seine Enkelin Katharina Kroeger die erfolgreiche Vereinsarbeit fort. Dabei wird sie im Vorstand von Britta Christoph, Franziska Jens und Kathrin Sch\u00e4fer unterst\u00fctzt. Ihr ist es zu verdanken, dass der Verein ganzj\u00e4hrig aktiv ist, so ist an jedem Samstag, egal bei welchem Wetter, rege Betriebsamkeit auf dem Reitplatz des Vereins. Mittlerweile z\u00e4hlt der Verein 100 Mitglieder, davon sind \u00fcber 40 Kinder und Jugendliche. Das j\u00fcngste Vereinsmitglied ist ein Jahr, das \u00e4lteste Mitglied 87 Jahre alt. Im Wandel der Jahrzehnte konzentrierte sich der Verein immer mehr auf die Ausbildung und F\u00f6rderung der Kinder und Jugendlichen in den Sparten Reiten und Fahren &#8211; und das mit gro\u00dfem Erfolg. Neben der sportlichen Komponente steht beim Ponysportverein das Motto \u201eReiten f\u00fcr alle&#8220; an oberster Stelle. Jeder soll die Chance haben, den Umgang mit dem Pferd zu erlernen. Dank der zahlreichen Sponsoren, Unterst\u00fctzer und Freunde konnte der Vereinsbeitrag \u00fcber all die Jahre immer niedrig gehalten werden, so dass es jedem Kind, unabh\u00e4ngig vom Geldbeutel, m\u00f6glich ist, Teil dieser Pferdesportgemeinschaft zu sein. In all den Jahren und trotz der zunehmenden Gr\u00f6\u00dfe hat der Verein nie seinen famili\u00e4ren Charakter verloren. Ob Gro\u00df oder Klein, Alt oder Jung &#8211; alle sind auf der Reitanlage herzlich willkommen. Archiv: Gr\u00fcnder Wilhelm Jarchow 1954 in Freyenstein auf Gorgo &#8211; Sieger im Jagdspringen Klasse L\u00a0<\/p>\n","protected":false},"author":1,"featured_media":0,"parent":0,"menu_order":0,"comment_status":"closed","ping_status":"closed","template":"","meta":{"footnotes":""},"class_list":["post-50","page","type-page","status-publish","hentry"],"acf":[],"_links":{"self":[{"href":"https:\/\/ponysportverein-roebel-mueritz.de\/index.php?rest_route=\/wp\/v2\/pages\/50","targetHints":{"allow":["GET"]}}],"collection":[{"href":"https:\/\/ponysportverein-roebel-mueritz.de\/index.php?rest_route=\/wp\/v2\/pages"}],"about":[{"href":"https:\/\/ponysportverein-roebel-mueritz.de\/index.php?rest_route=\/wp\/v2\/types\/page"}],"author":[{"embeddable":true,"href":"https:\/\/ponysportverein-roebel-mueritz.de\/index.php?rest_route=\/wp\/v2\/users\/1"}],"replies":[{"embeddable":true,"href":"https:\/\/ponysportverein-roebel-mueritz.de\/index.php?rest_route=%2Fwp%2Fv2%2Fcomments&post=50"}],"version-history":[{"count":17,"href":"https:\/\/ponysportverein-roebel-mueritz.de\/index.php?rest_route=\/wp\/v2\/pages\/50\/revisions"}],"predecessor-version":[{"id":2142,"href":"https:\/\/ponysportverein-roebel-mueritz.de\/index.php?rest_route=\/wp\/v2\/pages\/50\/revisions\/2142"}],"wp:attachment":[{"href":"https:\/\/ponysportverein-roebel-mueritz.de\/index.php?rest_route=%2Fwp%2Fv2%2Fmedia&parent=50"}],"curies":[{"name":"wp","href":"https:\/\/api.w.org\/{rel}","templated":true}]}}