{"id":82,"date":"2020-05-24T19:40:18","date_gmt":"2020-05-24T19:40:18","guid":{"rendered":"http:\/\/ponysportverein-roebel-mueritz.de\/?page_id=82"},"modified":"2023-02-19T19:05:26","modified_gmt":"2023-02-19T19:05:26","slug":"kontakt","status":"publish","type":"page","link":"https:\/\/ponysportverein-roebel-mueritz.de\/?page_id=82","title":{"rendered":"Kontakt"},"content":{"rendered":"\n<p class=\"has-text-align-center\"><strong>Ponysportverein R\u00f6bel\/M\u00fcritz e. V.<\/strong><br>Ro\u00dfstra\u00dfe 9<br>17207 R\u00f6bel\/M\u00fcritz<\/p>\n\n\n\n<p class=\"has-text-align-center\">Katharina Kroeger<br>Telefon: 0174\/3140852<br>E-Mail: katharina.kroeger@ponysportverein-roebel-mueritz.de<\/p>\n\n\n\n<p class=\"has-text-align-center\"><strong>Bankverbindung:<\/strong><\/p>\n\n\n\n<p class=\"has-text-align-center\">Ponysportverein R\u00f6bel\/M\u00fcritz e. V.<\/p>\n\n\n\n<p class=\"has-text-align-center\">Bank: M\u00fcritz-Sparkasse<\/p>\n\n\n\n<p class=\"has-text-align-center\">IBAN: DE34150501000110112997<\/p>\n\n\n\n<p class=\"has-text-align-center\">BIC: NOLADE21WRN<\/p>\n\n\n\n<p class=\"has-text-align-center\"><strong><a rel=\"noreferrer noopener\" href=\"https:\/\/ponysportverein-roebel-mueritz.de\/?page_id=84\" target=\"_blank\">Impressum<\/a><\/strong><\/p>\n\n\n\n<p class=\"has-text-align-center\"><strong><a href=\"https:\/\/ponysportverein-roebel-mueritz.de\/?page_id=131\">Datenschutzerkl\u00e4rung<\/a><\/strong><\/p>\n","protected":false},"excerpt":{"rendered":"<p>Ponysportverein R\u00f6bel\/M\u00fcritz e. V.Ro\u00dfstra\u00dfe 917207 R\u00f6bel\/M\u00fcritz Katharina KroegerTelefon: 0174\/3140852E-Mail: katharina.kroeger@ponysportverein-roebel-mueritz.de Bankverbindung: Ponysportverein R\u00f6bel\/M\u00fcritz e. V. Bank: M\u00fcritz-Sparkasse IBAN: DE34150501000110112997 BIC: NOLADE21WRN Impressum Datenschutzerkl\u00e4rung<\/p>\n","protected":false},"author":1,"featured_media":0,"parent":0,"menu_order":0,"comment_status":"closed","ping_status":"closed","template":"","meta":{"footnotes":""},"class_list":["post-82","page","type-page","status-publish","hentry"],"acf":[],"_links":{"self":[{"href":"https:\/\/ponysportverein-roebel-mueritz.de\/index.php?rest_route=\/wp\/v2\/pages\/82","targetHints":{"allow":["GET"]}}],"collection":[{"href":"https:\/\/ponysportverein-roebel-mueritz.de\/index.php?rest_route=\/wp\/v2\/pages"}],"about":[{"href":"https:\/\/ponysportverein-roebel-mueritz.de\/index.php?rest_route=\/wp\/v2\/types\/page"}],"author":[{"embeddable":true,"href":"https:\/\/ponysportverein-roebel-mueritz.de\/index.php?rest_route=\/wp\/v2\/users\/1"}],"replies":[{"embeddable":true,"href":"https:\/\/ponysportverein-roebel-mueritz.de\/index.php?rest_route=%2Fwp%2Fv2%2Fcomments&post=82"}],"version-history":[{"count":8,"href":"https:\/\/ponysportverein-roebel-mueritz.de\/index.php?rest_route=\/wp\/v2\/pages\/82\/revisions"}],"predecessor-version":[{"id":939,"href":"https:\/\/ponysportverein-roebel-mueritz.de\/index.php?rest_route=\/wp\/v2\/pages\/82\/revisions\/939"}],"wp:attachment":[{"href":"https:\/\/ponysportverein-roebel-mueritz.de\/index.php?rest_route=%2Fwp%2Fv2%2Fmedia&parent=82"}],"curies":[{"name":"wp","href":"https:\/\/api.w.org\/{rel}","templated":true}]}}