{"id":84,"date":"2020-05-24T19:40:29","date_gmt":"2020-05-24T19:40:29","guid":{"rendered":"http:\/\/ponysportverein-roebel-mueritz.de\/?page_id=84"},"modified":"2024-01-17T06:28:52","modified_gmt":"2024-01-17T06:28:52","slug":"impressum","status":"publish","type":"page","link":"https:\/\/ponysportverein-roebel-mueritz.de\/?page_id=84","title":{"rendered":"Impressum"},"content":{"rendered":"\n<p class=\"has-text-align-center\"><strong>Angaben gem\u00e4\u00df \u00a7 5 TMG<\/strong><\/p>\n\n\n\n<p class=\"has-text-align-center\">Ponysportverein R\u00f6bel\/M\u00fcritz e. V.<br>Ro\u00dfstra\u00dfe 9<br>17207 R\u00f6bel\/M\u00fcritz<\/p>\n\n\n\n<p class=\"has-text-align-center\"><br>Vereinsregister: VR 1520<br>Registergericht: Amtsgericht Neubrandenburg<\/p>\n\n\n\n<p class=\"has-text-align-center\"><br><em>Vertreten durch:<\/em><br>Katharina Kroeger<br>Britta Christoph<br>Franziska Jens<br><\/p>\n\n\n\n<p class=\"has-text-align-center\"><br><strong>Kontakt<\/strong><\/p>\n\n\n\n<p class=\"has-text-align-center\">Katharina Kroeger<br>Telefon: 0174\/3140852<br>E-Mail: katharina.kroeger@ponysportverein-roebel-mueritz.de<\/p>\n\n\n\n<p class=\"has-text-align-center\"><strong>Redaktionell verantwortlich<\/strong><\/p>\n\n\n\n<p class=\"has-text-align-center\"><br>Dierk Kroeger<br>Ro\u00dfstra\u00dfe 9<br>17207 R\u00f6bel\/M\u00fcritz<\/p>\n\n\n\n<p class=\"has-text-align-center\"><br><strong>EU-Streitschlichtung<\/strong><\/p>\n\n\n\n<p class=\"has-text-align-center\"><br>Die Europ\u00e4ische Kommission stellt eine Plattform zur Online-Streitbeilegung (OS) bereit:<br><a rel=\"noreferrer noopener\" href=\"https:\/\/ec.europa.eu\/consumers\/odr\/\" target=\"_blank\">https:\/\/ec.europa.eu\/consumers\/odr\/<\/a>.<br>Unsere E-Mail-Adresse finden Sie oben unter Kontakt.<\/p>\n\n\n\n<p class=\"has-text-align-center\"><br><strong>Verbraucherstreitbeilegung\/Universalschlichtungsstelle<\/strong><\/p>\n\n\n\n<p class=\"has-text-align-center\"><br>Wir sind nicht bereit oder verpflichtet, an Streitbeilegungsverfahren vor einer<br>Verbraucherschlichtungsstelle teilzunehmen.<\/p>\n\n\n\n<p class=\"has-text-align-center\">Quelle: <a href=\"https:\/\/www.e-recht24.de\" target=\"_blank\" rel=\"noreferrer noopener\">https:\/\/www.e-recht24.de<\/a><\/p>\n","protected":false},"excerpt":{"rendered":"<p>Angaben gem\u00e4\u00df \u00a7 5 TMG Ponysportverein R\u00f6bel\/M\u00fcritz e. V.Ro\u00dfstra\u00dfe 917207 R\u00f6bel\/M\u00fcritz Vereinsregister: VR 1520Registergericht: Amtsgericht Neubrandenburg Vertreten durch:Katharina KroegerBritta ChristophFranziska Jens Kontakt Katharina KroegerTelefon: 0174\/3140852E-Mail: katharina.kroeger@ponysportverein-roebel-mueritz.de Redaktionell verantwortlich Dierk KroegerRo\u00dfstra\u00dfe 917207 R\u00f6bel\/M\u00fcritz EU-Streitschlichtung Die Europ\u00e4ische Kommission stellt eine Plattform zur Online-Streitbeilegung (OS) bereit:https:\/\/ec.europa.eu\/consumers\/odr\/.Unsere E-Mail-Adresse finden Sie oben unter Kontakt. Verbraucherstreitbeilegung\/Universalschlichtungsstelle Wir sind nicht bereit oder verpflichtet, an Streitbeilegungsverfahren vor einerVerbraucherschlichtungsstelle teilzunehmen. Quelle: https:\/\/www.e-recht24.de<\/p>\n","protected":false},"author":1,"featured_media":0,"parent":0,"menu_order":0,"comment_status":"closed","ping_status":"closed","template":"","meta":{"footnotes":""},"class_list":["post-84","page","type-page","status-publish","hentry"],"acf":[],"_links":{"self":[{"href":"https:\/\/ponysportverein-roebel-mueritz.de\/index.php?rest_route=\/wp\/v2\/pages\/84","targetHints":{"allow":["GET"]}}],"collection":[{"href":"https:\/\/ponysportverein-roebel-mueritz.de\/index.php?rest_route=\/wp\/v2\/pages"}],"about":[{"href":"https:\/\/ponysportverein-roebel-mueritz.de\/index.php?rest_route=\/wp\/v2\/types\/page"}],"author":[{"embeddable":true,"href":"https:\/\/ponysportverein-roebel-mueritz.de\/index.php?rest_route=\/wp\/v2\/users\/1"}],"replies":[{"embeddable":true,"href":"https:\/\/ponysportverein-roebel-mueritz.de\/index.php?rest_route=%2Fwp%2Fv2%2Fcomments&post=84"}],"version-history":[{"count":6,"href":"https:\/\/ponysportverein-roebel-mueritz.de\/index.php?rest_route=\/wp\/v2\/pages\/84\/revisions"}],"predecessor-version":[{"id":1885,"href":"https:\/\/ponysportverein-roebel-mueritz.de\/index.php?rest_route=\/wp\/v2\/pages\/84\/revisions\/1885"}],"wp:attachment":[{"href":"https:\/\/ponysportverein-roebel-mueritz.de\/index.php?rest_route=%2Fwp%2Fv2%2Fmedia&parent=84"}],"curies":[{"name":"wp","href":"https:\/\/api.w.org\/{rel}","templated":true}]}}